{"id":393,"date":"2021-09-01T13:07:18","date_gmt":"2021-09-01T16:07:18","guid":{"rendered":"https:\/\/alapcco.com\/?page_id=393"},"modified":"2022-05-27T15:39:13","modified_gmt":"2022-05-27T18:39:13","slug":"historia","status":"publish","type":"page","link":"https:\/\/alapcco.com\/en\/historia","title":{"rendered":"HISTORY"},"content":{"rendered":"<section style=\"background-image: url('https:\/\/alapcco.com\/\/wp-content\/uploads\/2022\/04\/alapcco-banner-interno.jpg');\">\n<h1>HISTORY<\/h1>\n<ul>\n<li><a href=\"http:\/\/alapcco.web2128.uni5.net\/en\/\">HOME &nbsp;<\/a><\/li>\n<li>HISTORY<\/li>\n<\/ul>\n<\/section>\n<h2>Discover our history<\/h2>\n<p>The development of cognitive behavioral therapy in Latin America has a long history, reflected in the interest of professionals in creating regional associations. Concerning the creation of ALAPCCO (Federaci\u00f3n Latinoamericana de Psicoterapias Cognitivas y Conductuales), the first antecedent was its participation in 1995 in the World Conference of Behavioural and Cognitive Therapies\/WCBCT Copenhagen. In this event, we can highlight two central aspects for the creation of ALAPCCO: the union of both behavioral and cognitive approaches in the same conference; and the need to disseminate these therapies in Latin America. Argentinians such as H\u00e9ctor Fern\u00e1ndez-\u00c1lvarez, Claudia Bregman and Sara Baringolz, and Brazilians such as Cristiano Nabuco de Abreu and Paulo Knapp, were present in that Conference. In that context, H\u00e9ctor Fern\u00e1ndez-\u00c1lvarez had the idea of creating a regional space that might transcend national borders.<\/p>\n<h3>The first Task Group and the birth of ALAPCO: 1996-1999<\/h3>\n<p>In November 1, 1996, the Asociaci\u00f3n Argentina de Terapia Cognitiva (AATC) called colleagues from Brazil (Bernard Rang\u00e9, Paulo Knapp and Cristiano Nabuco de Abreu), Chile (Augusto Zagmutt and Roberto Opazo) and Uruguay (Raquel Zamora) to participate in the First Latin American Symposium in Buenos Aires, Argentina, with the goal of congregating the cognitive therapists of this region and to foster creation of an institution for dissemination, development, clinical and theoretical exchange. This is considered ALAPCO\u00b4s foundational event and in time it was known as the First Latin American Conference of Cognitive Therapies (I CLAPCO) of what would eventually become, a few years later, the Asociaci\u00f3n Latinoamericana de Psicoterapias Cognitivas (ALAPCO).<\/p>\n<p>In 1998, the II Latin American Conference of Cognitive Therapies (II CLAPCO) and First Brazilian Conference of Cognitive Therapies was held, congregating numerous participants from Argentina, Brazil, Chile and Uruguay. The event was held in collaboration with the Associa\u00e7\u00e3o Brasileira de Terapias Cognitivas (ABTC), that later became known as the Sociedade Brasileira de Terapias Cognitivas (SBTC), and is called Federa\u00e7\u00e3o Brasileria de Terapias Cognitivas (FBTC) these days.<\/p>\n<p>ALAPCO, with its institutional log but without bylaws so far, met one of its foundational goals, that is congregating clinicians and fostering dissemination. In this event, a task group was created for the writing of bylaws and also to support the organization of the next Conference. This group was formed by those who are considered today the founding members: H\u00e9ctor Fern\u00e1ndez-\u00c1lvarez and Claudia Bregman, for Argentina; Bernard Rang\u00e9 and Paulo Knapp, for Brazil; Augusto Zagmutt, for Chile; and Raquel Zamora and Ileana Caputto for Uruguay. After holding several meetings and exchanging electronic correspondence, bylaws were signed in 1999, thus formalizing the foundation of ALAPCO. The first Board of Directors was created and Uruguay was chosen as the host for the next Conference, in the context of the VI Latini Dies in R\u00edo de Janeiro, Brazil.<\/p>\n<p>Since then, ALAPCO has remained faithful to its initial mission and goals \u201cdissemination, education and scientific research related to cognitive and behavioral therapies in Latin America\u201d, to which the following specific goals were added:<\/p>\n<p>A. To represent the member association before other national and\/or international organizations, public or private, disseminating its work and defending their interests;<\/p>\n<p>B. To promote, support and organize events and dissemination materials, training and exchanges (such as Conferences, workshops, seminars, etc.) of knowledge related to behavioral and cognitive therapies in Latin America;<\/p>\n<p>C. To promote and support scientific research in the field of cognitive and behavioral therapies;<\/p>\n<p>D. To provide scientific counseling to members and affiliate groups, when requested;<\/p>\n<p>E. To promote and support community activities based on cognitive and behavioral therapies that may promote mental health in Latin America.<\/p>\n<p>A proof of constancy and perseverance may be found in the upcoming descripting of the Conferences held until these days, so as the different Board of Directors and the important changes, in chronological order.<\/p>\n<p><a href=\"\">The first Board of Directors: 1999-2000<\/a><\/p>\n<p>President: Raquel Zamora (Uruguay)<\/p>\n<p>Vicepresident: Augusto Zagmutt (Chile)<\/p>\n<p>First secretary: Claudia Bregman (Argentina)<\/p>\n<p>Second secretary: Paulo Knapp (Brazil)<\/p>\n<p>Treasurer: Jos\u00e9 Lima (Uruguay)<\/p>\n<p>Members: Mateo Ferrer (Chile) \u2013 Cristiano Nabuco de Abreu (Brazil) \u2013 Lydia Tineo (Argentina)<\/p>\n<p>Once the association is formalized, the III Latin American Conference of Cognitive Therapies (III CLAPCO) is held in 2000 in Montevideo, Uruguay. That Conference was organized in collaboration with the Sociedad Uruguaya de An\u00e1lisis y Modificaci\u00f3n de la Conducta (SUAMOC), and was chaired by Raquel Zamora.<\/p>\n<p>In the Conference, and in agreement with the bylaws, a General Assembly was held in which the steering committee informed about the work conducted in the period and a new Board of Directors was elected. Santiago\/Chile was selected to host the following Conference. In that meeting Colombia was incorporated as ALAPCO member.<\/p>\n<p><a href=\"\">The second Board of Directors: 2000 \u2013 2002<\/a><\/p>\n<p>President: Augusto Zagmutt (Chile)<\/p>\n<p>Vicepresident: Bernard Rang\u00e9 (Brasil)<\/p>\n<p>First secretary: Elyzabeth de Le\u00f3n (Chile)<\/p>\n<p>Second secretary: Lydia Tineo (Argentina)<\/p>\n<p>Treasurer: Mateo Ferrer (Chile)<\/p>\n<p>Past President: Raquel Zamora (Uruguay)<\/p>\n<p>Members: Ileana Caputto (Uruguay) \u2013 Paulo Knapp (Brazil) \u2013 Claudia Bregman (Argentina)<\/p>\n<p>In 2002, the IV Latin American Conference of Cognitive Psychotherapies (IV CLAPCO) was held in Santiago\/Chile. Thus, one of the goals of the association was met, that is promoting the organization of the Asociaci\u00f3n Chilena de Psicoterapias Cognitivas (APSICO), gathering cognitive therapists of Chile. This Conference was organized in collaboration with APSICO and chaired by Augusto Zagmutt. Porto Alegre\/Brazil was chosen as the next city to host the ALAPCO Conference. The third Board of Directors was elected.<\/p>\n<p><a href=\"\">The third Board of Directors: 2002 \u2013 2004<\/a><\/p>\n<p>President: Bernard Rang\u00e9 (Brazil)<\/p>\n<p>Vicepresident: LydiaTineo (Argentina)<\/p>\n<p>First secretary: Ileana Caputto (Uruguay)<\/p>\n<p>Second secretary: Claudia Maggi (Chile)<\/p>\n<p>Treasurer: Helene Shinohara (Brazil)<\/p>\n<p>Past President: Augusto Zagmutt (Chile)<\/p>\n<p>Members: Mar\u00eda Clara Rodriguez (Colombia) \u2013 Cristiano Nabuco de Abreu (Brazil) \u2013 Claudia Bregman (Argentina)<\/p>\n<p>The V Latin American Conference of Cognitive Psychotherapies (V CLAPCO) was held in Porto Alegre\/Brazil, in 2004. This Conference was organized in collaboration with SBTC (Sociedade Brasileira de Terapias Cognitivas) and chaired by Bernard Rang\u00e9. Buenos Aires\/Argentina was chosen as the next city to host the Conference in 2006. Venezuela became a member of the association. The new Board of Directors was elected for the 2004-2006 period.<\/p>\n<p><a href=\"\">The fourth Board of Directors: 2004-2006<\/a><\/p>\n<p>President: H\u00e9ctor Fern\u00e1ndez-\u00c1lvarez (Argentina)<\/p>\n<p>Vicepresident. Elizabeth de Leo (Chile)<\/p>\n<p>First secretary: Ileana Caputto (Uruguay)<\/p>\n<p>Second secretary: Mar\u00eda Clara Rodriguez (Colombia)<\/p>\n<p>Treasurer: Lydia Tineo (Argentina)<\/p>\n<p>Past President: Bernard Rang\u00e9 (Brasil)<\/p>\n<p>Members: Felicitas Kort (Venezuela) \u2013 Margareth de Oliveira (Brasil) \u2013 Juan Ya\u00f1ez (Chile)<\/p>\n<p>The VI Latin American Conference of Cognitive Psychotherapies (VI CLAPCO), was held in 2006 in Buenos Aires\/Argentina. This Conference was organized in collaboration with the AATC (Asociaci\u00f3n Argentina de Terapia Cognitiva) and chaired by H\u00e9ctor Fern\u00e1ndez-\u00c1lvarez. In its General Assembly, Uruguay was chosen to host the following Conference. Also, Peru, Paraguay and Panama were incorporated to ALAPCO.<\/p>\n<p>A decision was made to continue participating in the international conferences of cognitive therapies. In 2007, during the World Conference for Behavioral and Cognitive Therapies in Barcelona, attended by delegates from all the countries members of ALAPCO, a meeting was held with Arthur Freeman with the aim of present ALAPCO and to be recognized by the International Association of Cognitive Psychotherapies (IACP) and by the board responsible for organizing the World Conferences. Arthur Freeman proposed that ALAPCO organized an international conference. At the end of this assembly, the fifth Board of Directors is elected.<\/p>\n<p><a href=\"\">The fifth Board of Directors: 2006- 2008<\/a><\/p>\n<p>President: Ileana Caputto (Uruguay)<\/p>\n<p>Vicepresident: Mar\u00eda Clara Rodr\u00edguez (Colombia)<\/p>\n<p>First secretary: Elizabeth Le\u00f3n (Chile)<\/p>\n<p>Second secretary: Andr\u00e9s S\u00e1nchez (Argentina)<\/p>\n<p>Treasurer: Reyna Lucadame (Uruguay)<\/p>\n<p>Past president: Hector Fern\u00e1ndez \u00c1lvarez (Argentina)<\/p>\n<p>Members: Margareth da Silva Oliveira (Brasil) \u2013 Augusto Zagmutt (Chile) \u2013 Claudia Bregman (Argentina)<\/p>\n<p>The VII Latin American Conference of Cognitive Psychotherapies (VII CLAPCO) was held in Montevideo\/Uruguay. This conference was organized in collaboration with SUAMOC (Sociedad Uruguaya de An\u00e1lisis y Modificaci\u00f3n de la Conducta) and was chaired by Ileana Caputto. The General Assembly chose Colombia to host the following conference, in order to expand dissemination to other countries of the association, and the new Board of Directors was elected.<\/p>\n<p><a href=\"\">The sixth Board of Directors: 2008- 2010<\/a><\/p>\n<p>President: Mar\u00eda Clara Rodr\u00edguez (Colombia)<\/p>\n<p>Vicepresident: Claudia Bregman (Argentina)<\/p>\n<p>First secretary: Elizabeth Le\u00f3n (Chile)<\/p>\n<p>Second secretary: Renato Caminha (Brasil)<\/p>\n<p>Treasurer: Cristina Castro (Colombia)<\/p>\n<p>Past president: Ileana Caputto (Uruguay)<\/p>\n<p>Members: Sandra Fagua (Colombia) \u2013 Mar\u00eda Esther Lagos (Uruguay) \u2013 Andr\u00e9s S\u00e1nchez (Argentina)<\/p>\n<p>The VIII Latin American Conference of Cognitive Psychotherapies (VIII CLAPCO) was held in Bogota, Colombia, in 2010. This Conference was organized in collaboration with the Universidad de la Sabana and the Colegio Colombiano de Psic\u00f3logos, and chaired by Mar\u00eda Clara Rodr\u00edguez. In the General Assembly, Panama and Peru were incorporated, and Brazil was chosen to host of the next conference. The new Board of Directors was elected.<\/p>\n<p><a href=\"\">The seventh Board of Directors: 2010- 2012<\/a><\/p>\n<p>President: Claudia Bregman (Argentina)<\/p>\n<p>Vicepresident: Margareth da Silva Oliveira (Brazil)<\/p>\n<p>First secretary: Mar\u00eda Esther Lagos (Uruguay)<\/p>\n<p>Treasurer: Andr\u00e9s S\u00e1nchez (Argentina)<\/p>\n<p>Past President: Mar\u00eda Clara Rodriguez (Colombia)<\/p>\n<p>Members: Pedro Reyes (Peru) \u2013 Roberto Mainieri (Panama) \u2013 Juan Ya\u00f1ez (Chile)<\/p>\n<p>The IX Latin American Conference of Cognitive Psychotherapies (IX CLAPCO) was celebrated in Rio de Janeiro\/Brazil, in 2012. This conference was organized in collaboration with the FBTC (Federa\u00e7\u00e3o Brasileira de Terapias Cognitivas), and was chaired by Bernard Rang\u00e9. A new Board of Directors was elected and Lima\/Peru was chosen as the next venue for the conference.<\/p>\n<p><a href=\"\">The eight Board of Directors: 2012-2015<\/a><\/p>\n<p>President: Bernard Rang\u00e9 (Brazil)<\/p>\n<p>Vicepresident: Mar\u00eda Esther Lagos (Uruguay)<\/p>\n<p>First secretary: Margareth Oliveira (Brazil)<\/p>\n<p>Second secretary: Andres Sanchez (Argentina)<\/p>\n<p>Treasurer: Pedro Reyes Mispiretta (Peru)<\/p>\n<p>Past President: Claudia Bregman (Argentina)<\/p>\n<p>Members: Augusto Zagmut (Chile) \u2013 Roberto Maineri (Panama) \u2013 Carmem Beatriz Neufeld (Brasil)<\/p>\n<p>Due to problems with the organization in Peru, the conference was move to Santiago\/Chile. In 2015 the X Latin American Conference of Cognitive Psychotherapies (X CLAPCO) was held in the city of Santiago, in collaboration with APSICO and chaired by Juan Ya\u00f1es. Being mindful of the new times and processes of change in the theoretical, socioprofessional and political framework, it was decided that ALAPCO should become a federation and its formal name be changed to Federaci\u00f3n Latinoamericana de Psicoterapias Cognitivas y Conductuales, changing the name ALAPCO into the trademark ALAPCCO. This process was formalized on the following conference. It was also decided to hold conferences every three years. The assembly incorporated Paraguay as a member. Argentina was chosen to host the following conference, and a new Board of Directors was elected.<\/p>\n<p><a href=\"\">The ninth Board of Directors: 2015 \u2013 2019<\/a><\/p>\n<p>President: Mar\u00eda Esther Lagos (Uruguay)<\/p>\n<p>Vicepresident: Carmem Beatriz Neufeld (Brazil)<\/p>\n<p>First secretary: Santiago Trujillo Lemus (Colombia)<\/p>\n<p>Second secretary: David Adasme (Chile)<\/p>\n<p>Treasurer: Andr\u00e9s S\u00e1nchez (Argentina)<\/p>\n<p>Past President: Bernard Rang\u00e9 (Brazil)<\/p>\n<p>Members: Maria Celeste Airaldi (Paraguay) \u2013 Roberto Manieri (Panam\u00e1) \u2013 Ileana Caputto (Uruguay)<\/p>\n<p>The Board of Directors maintained the policy of incorporating new member countries, such as Ecuador and the Dominican Republic and advancing with the writing of new bylaws. In 2018, ALAPCCO was invited to participate in three activities in the World Conference of Behavioral and Cognitive Therapies to be held in Berlin, in July 2019. It also integrated the Scientific International Advisory Board of the World Conference.<\/p>\n<p>Although Buenos Aires had been chosen to host the following ALAPCCO conference, the venue had to be changed. Therefore, in 2019, the XI Latin American Conference of Cognitive and Behavioral Therapies (XI CLAPCCO) took place in Fortaleza\/Brazil, jointly with the Brazilian Conference of Cognitive Therapies in collaboration with the FBTC (Federa\u00e7\u00e3o Brasileira de Terapias Cognitivas) and chaired by Bernad Rang\u00e9. The new bylaws were approved and signed by the General Assembly, and Uruguay was chosen to host the following Conference, and Colombia was selected as an alternative venue. A new Board of Directors was elected. One of its main tasks was to register the new bylaws in Brazil.<\/p>\n<p><a href=\"\">The tenth Board of Directors: 2019 \u2013 2022<\/a><\/p>\n<p>President: Carmem Beatriz Neufeld (Brazil)<\/p>\n<p>Vicepresident: Maria Celeste Airaldi (Paraguay)<\/p>\n<p>First secretary: Santiago Trujillo Lemus (Colombia)<\/p>\n<p>Second secretary: Ileana Caputto (Uruguay)<\/p>\n<p>Treasurer: Margareth Oliveira (Brazil)<\/p>\n<p>Past President: Mar\u00eda Esther Lagos (Uruguay)<\/p>\n<p>Members: Eduardo Keegan (Argentina) \u2013 David Adasme (Chile)<\/p>\n<p>We would not want to come to the end of this report of the story of ALAPCCO without highlighting that, from 1996 to the present day, the Board of Directors met continuously. At first, meetings were held in person, with 1 to 4 meetings a year. Since the advent of electronic means of communication \u2013 Skype but also Whatsapp groups \u2013 meetings are conducted online, favoring a constant exchange. Since the implementation of the new bylaws, in addition to the Advisory Counsil and the Board of Directors, ALAPCCO counts also with an extended board enhanced with three additional representatives from each member country. These actions aim to enhance the democratic values of ALAPCCO, seeking to help members to share the conduction of the organization in a collaborative manner.<\/p>\n<p><iframe loading=\"lazy\" title=\"ALAPCCO tiene hist\u00f3ria\" width=\"525\" height=\"394\" src=\"https:\/\/www.youtube.com\/embed\/reKs0R5HJBA?feature=oembed\" frameborder=\"0\" allow=\"accelerometer; autoplay; clipboard-write; encrypted-media; gyroscope; picture-in-picture\" allowfullscreen><\/iframe><\/p>\n","protected":false},"excerpt":{"rendered":"<p>HISTORY HOME &nbsp; HISTORY Discover our history The development of cognitive behavioral therapy in Latin America has a long history, reflected in the interest of professionals in creating regional associations. Concerning the creation of ALAPCCO (Federaci\u00f3n Latinoamericana de Psicoterapias Cognitivas y Conductuales), the first antecedent was its participation in 1995 in the World Conference of [&hellip;]<\/p>\n","protected":false},"author":1,"featured_media":0,"parent":0,"menu_order":0,"comment_status":"closed","ping_status":"closed","template":"elementor_theme","meta":{"footnotes":""},"translation":{"provider":"WPGlobus","version":"2.8.11","language":"en","enabled_languages":["br","en","es"],"languages":{"br":{"title":true,"content":true,"excerpt":false},"en":{"title":true,"content":true,"excerpt":false},"es":{"title":true,"content":true,"excerpt":false}}},"yoast_head":"<!-- This site is optimized with the Yoast SEO plugin v18.5.1 - https:\/\/yoast.com\/wordpress\/plugins\/seo\/ -->\n<title>HISTORY - LATIN AMERICAN FEDERATION OF COGNITIVE AND BEHAVIORAL PSYCHOTHERAPIES<\/title>\n<meta name=\"description\" content=\"In Latin America, the development of Cognitive-Behavioral Therapy (CBT) has a long history that has been reflected in the interest of professionals in creating regional associations.\" \/>\n<meta name=\"robots\" content=\"index, follow, max-snippet:-1, max-image-preview:large, max-video-preview:-1\" \/>\n<link rel=\"canonical\" href=\"https:\/\/alapcco.com\/historia\" \/>\n<meta property=\"og:locale\" content=\"en_US\" \/>\n<meta property=\"og:type\" content=\"article\" \/>\n<meta property=\"og:title\" content=\"HISTORY - LATIN AMERICAN FEDERATION OF COGNITIVE AND BEHAVIORAL PSYCHOTHERAPIES\" \/>\n<meta property=\"og:description\" content=\"In Latin America, the development of Cognitive-Behavioral Therapy (CBT) has a long history that has been reflected in the interest of professionals in creating regional associations.\" \/>\n<meta property=\"og:url\" content=\"https:\/\/alapcco.com\/historia\" \/>\n<meta property=\"og:site_name\" content=\"LATIN AMERICAN FEDERATION OF COGNITIVE AND BEHAVIORAL PSYCHOTHERAPIES\" \/>\n<meta property=\"article:publisher\" content=\"https:\/\/www.facebook.com\/alapcco\/\" \/>\n<meta property=\"article:modified_time\" content=\"2022-05-27T18:39:13+00:00\" \/>\n<meta name=\"twitter:card\" content=\"summary_large_image\" \/>\n<meta name=\"twitter:site\" content=\"@alapcco\" \/>\n<meta name=\"twitter:label1\" content=\"Est. reading time\" \/>\n\t<meta name=\"twitter:data1\" content=\"13 minutes\" \/>\n<script type=\"application\/ld+json\" class=\"yoast-schema-graph\">{\"@context\":\"https:\/\/schema.org\",\"@graph\":[{\"@type\":\"Organization\",\"@id\":\"https:\/\/alapcco.com\/#organization\",\"name\":\"ALAPCCO\",\"url\":\"https:\/\/alapcco.com\/\",\"sameAs\":[\"https:\/\/www.facebook.com\/alapcco\/\",\"https:\/\/www.instagram.com\/alapcco\/\",\"https:\/\/www.youtube.com\/channel\/UCfJL3qCIcj37d0T94XRxWdg\",\"https:\/\/twitter.com\/alapcco\"],\"logo\":{\"@type\":\"ImageObject\",\"@id\":\"https:\/\/alapcco.com\/#logo\",\"inLanguage\":\"en-US\",\"url\":\"https:\/\/alapcco.com\/wp-content\/uploads\/2021\/10\/logo-alapcco.png\",\"contentUrl\":\"https:\/\/alapcco.com\/wp-content\/uploads\/2021\/10\/logo-alapcco.png\",\"width\":1024,\"height\":246,\"caption\":\"ALAPCCO\"},\"image\":{\"@id\":\"https:\/\/alapcco.com\/#logo\"}},{\"@type\":\"WebSite\",\"@id\":\"https:\/\/alapcco.com\/#website\",\"url\":\"https:\/\/alapcco.com\/\",\"name\":\"LATIN AMERICAN FEDERATION OF COGNITIVE AND BEHAVIORAL PSYCHOTHERAPIES\",\"description\":\"LATIN AMERICAN FEDERATION OF COGNITIVE AND BEHAVIORAL PSYCHOTHERAPIES\",\"publisher\":{\"@id\":\"https:\/\/alapcco.com\/#organization\"},\"potentialAction\":[{\"@type\":\"SearchAction\",\"target\":{\"@type\":\"EntryPoint\",\"urlTemplate\":\"https:\/\/alapcco.com\/?s={search_term_string}\"},\"query-input\":\"required name=search_term_string\"}],\"inLanguage\":\"en-US\"},{\"@type\":\"WebPage\",\"@id\":\"https:\/\/alapcco.com\/historia#webpage\",\"url\":\"https:\/\/alapcco.com\/historia\",\"name\":\"HISTORY - LATIN AMERICAN FEDERATION OF COGNITIVE AND BEHAVIORAL PSYCHOTHERAPIES\",\"isPartOf\":{\"@id\":\"https:\/\/alapcco.com\/#website\"},\"datePublished\":\"2021-09-01T16:07:18+00:00\",\"dateModified\":\"2022-05-27T18:39:13+00:00\",\"description\":\"En Am\u00e9rica Latina, el desarrollo de la Terapia Cognitivo-Conductual (TCC) tiene una larga historia que se ha visto reflejada en el inter\u00e9s de los profesionales por crear asociaciones regionales.\",\"breadcrumb\":{\"@id\":\"https:\/\/alapcco.com\/historia#breadcrumb\"},\"inLanguage\":\"en-US\",\"potentialAction\":[{\"@type\":\"ReadAction\",\"target\":[\"https:\/\/alapcco.com\/historia\"]}]},{\"@type\":\"BreadcrumbList\",\"@id\":\"https:\/\/alapcco.com\/historia#breadcrumb\",\"itemListElement\":[{\"@type\":\"ListItem\",\"position\":1,\"name\":\"In\u00edcio\",\"item\":\"https:\/\/alapcco.com\/\"},{\"@type\":\"ListItem\",\"position\":2,\"name\":\"HIST\u00d3RIA\"}]}]}<\/script>\n<!-- \/ Yoast SEO plugin. -->","yoast_head_json":{"title":"HISTORY - LATIN AMERICAN FEDERATION OF COGNITIVE AND BEHAVIORAL PSYCHOTHERAPIES","description":"In Latin America, the development of Cognitive-Behavioral Therapy (CBT) has a long history that has been reflected in the interest of professionals in creating regional associations.","robots":{"index":"index","follow":"follow","max-snippet":"max-snippet:-1","max-image-preview":"max-image-preview:large","max-video-preview":"max-video-preview:-1"},"canonical":"https:\/\/alapcco.com\/historia","og_locale":"en_US","og_type":"article","og_title":"HISTORY - LATIN AMERICAN FEDERATION OF COGNITIVE AND BEHAVIORAL PSYCHOTHERAPIES","og_description":"In Latin America, the development of Cognitive-Behavioral Therapy (CBT) has a long history that has been reflected in the interest of professionals in creating regional associations.","og_url":"https:\/\/alapcco.com\/historia","og_site_name":"LATIN AMERICAN FEDERATION OF COGNITIVE AND BEHAVIORAL PSYCHOTHERAPIES","article_publisher":"https:\/\/www.facebook.com\/alapcco\/","article_modified_time":"2022-05-27T18:39:13+00:00","twitter_card":"summary_large_image","twitter_site":"@alapcco","twitter_misc":{"Est. reading time":"13 minutes"},"schema":{"@context":"https:\/\/schema.org","@graph":[{"@type":"Organization","@id":"https:\/\/alapcco.com\/#organization","name":"ALAPCCO","url":"https:\/\/alapcco.com\/","sameAs":["https:\/\/www.facebook.com\/alapcco\/","https:\/\/www.instagram.com\/alapcco\/","https:\/\/www.youtube.com\/channel\/UCfJL3qCIcj37d0T94XRxWdg","https:\/\/twitter.com\/alapcco"],"logo":{"@type":"ImageObject","@id":"https:\/\/alapcco.com\/#logo","inLanguage":"en-US","url":"https:\/\/alapcco.com\/wp-content\/uploads\/2021\/10\/logo-alapcco.png","contentUrl":"https:\/\/alapcco.com\/wp-content\/uploads\/2021\/10\/logo-alapcco.png","width":1024,"height":246,"caption":"ALAPCCO"},"image":{"@id":"https:\/\/alapcco.com\/#logo"}},{"@type":"WebSite","@id":"https:\/\/alapcco.com\/#website","url":"https:\/\/alapcco.com\/","name":"LATIN AMERICAN FEDERATION OF COGNITIVE AND BEHAVIORAL PSYCHOTHERAPIES","description":"LATIN AMERICAN FEDERATION OF COGNITIVE AND BEHAVIORAL PSYCHOTHERAPIES","publisher":{"@id":"https:\/\/alapcco.com\/#organization"},"potentialAction":[{"@type":"SearchAction","target":{"@type":"EntryPoint","urlTemplate":"https:\/\/alapcco.com\/?s={search_term_string}"},"query-input":"required name=search_term_string"}],"inLanguage":"en-US"},{"@type":"WebPage","@id":"https:\/\/alapcco.com\/historia#webpage","url":"https:\/\/alapcco.com\/historia","name":"HISTORY - LATIN AMERICAN FEDERATION OF COGNITIVE AND BEHAVIORAL PSYCHOTHERAPIES","isPartOf":{"@id":"https:\/\/alapcco.com\/#website"},"datePublished":"2021-09-01T16:07:18+00:00","dateModified":"2022-05-27T18:39:13+00:00","description":"En Am\u00e9rica Latina, el desarrollo de la Terapia Cognitivo-Conductual (TCC) tiene una larga historia que se ha visto reflejada en el inter\u00e9s de los profesionales por crear asociaciones regionales.","breadcrumb":{"@id":"https:\/\/alapcco.com\/historia#breadcrumb"},"inLanguage":"en-US","potentialAction":[{"@type":"ReadAction","target":["https:\/\/alapcco.com\/historia"]}]},{"@type":"BreadcrumbList","@id":"https:\/\/alapcco.com\/historia#breadcrumb","itemListElement":[{"@type":"ListItem","position":1,"name":"In\u00edcio","item":"https:\/\/alapcco.com\/"},{"@type":"ListItem","position":2,"name":"HIST\u00d3RIA"}]}]}},"_links":{"self":[{"href":"https:\/\/alapcco.com\/en\/wp-json\/wp\/v2\/pages\/393"}],"collection":[{"href":"https:\/\/alapcco.com\/en\/wp-json\/wp\/v2\/pages"}],"about":[{"href":"https:\/\/alapcco.com\/en\/wp-json\/wp\/v2\/types\/page"}],"author":[{"embeddable":true,"href":"https:\/\/alapcco.com\/en\/wp-json\/wp\/v2\/users\/1"}],"replies":[{"embeddable":true,"href":"https:\/\/alapcco.com\/en\/wp-json\/wp\/v2\/comments?post=393"}],"version-history":[{"count":187,"href":"https:\/\/alapcco.com\/en\/wp-json\/wp\/v2\/pages\/393\/revisions"}],"predecessor-version":[{"id":6231,"href":"https:\/\/alapcco.com\/en\/wp-json\/wp\/v2\/pages\/393\/revisions\/6231"}],"wp:attachment":[{"href":"https:\/\/alapcco.com\/en\/wp-json\/wp\/v2\/media?parent=393"}],"curies":[{"name":"wp","href":"https:\/\/api.w.org\/{rel}","templated":true}]}}