{"id":391,"date":"2021-09-01T13:04:58","date_gmt":"2021-09-01T16:04:58","guid":{"rendered":"https:\/\/alapcco.com\/?page_id=391"},"modified":"2022-05-12T15:34:02","modified_gmt":"2022-05-12T18:34:02","slug":"contatos","status":"publish","type":"page","link":"https:\/\/alapcco.com\/en\/contatos","title":{"rendered":"CONTACTS"},"content":{"rendered":"<section style=\"background-image: url('https:\/\/alapcco.com\/wp-content\/uploads\/2022\/04\/alapcco-banner-interno.jpg');\">\n<h1>CONTACTS<\/h1>\n<ul>\n<li><a href=\"http:\/\/alapcco.web2128.uni5.net\/en\/\">HOME &nbsp;<\/a><\/li>\n<li>CONTACTS<\/li>\n<\/ul>\n<\/section>\n<h2>Contact us<\/h2>\n<p>For information, questions or requests, please contact us through one of the following service channels.<\/p>\n<div role=\"form\" class=\"wpcf7\" id=\"wpcf7-f2067-o1\" lang=\"pt-BR\" dir=\"ltr\">\n<div class=\"screen-reader-response\"><p role=\"status\" aria-live=\"polite\" aria-atomic=\"true\"><\/p> <ul><\/ul><\/div>\n<form action=\"\/en\/wp-json\/wp\/v2\/pages\/391#wpcf7-f2067-o1\" method=\"post\" class=\"wpcf7-form init\" novalidate=\"novalidate\" data-status=\"init\">\n<div style=\"display: none;\">\n<input type=\"hidden\" name=\"_wpcf7\" value=\"2067\" \/>\n<input type=\"hidden\" name=\"_wpcf7_version\" value=\"5.5.6\" \/>\n<input type=\"hidden\" name=\"_wpcf7_locale\" value=\"pt_BR\" \/>\n<input type=\"hidden\" name=\"_wpcf7_unit_tag\" value=\"wpcf7-f2067-o1\" \/>\n<input type=\"hidden\" name=\"_wpcf7_container_post\" value=\"0\" \/>\n<input type=\"hidden\" name=\"_wpcf7_posted_data_hash\" value=\"\" \/>\n<input type=\"hidden\" name=\"_wpcf7_recaptcha_response\" value=\"\" \/>\n<\/div>\n<div class=\"form-row\">\n<div class=\"grid-50\">\n<label> Name:<br \/>\n    <span class=\"wpcf7-form-control-wrap sender-name\"><input type=\"text\" name=\"sender-name\" value=\"\" size=\"40\" class=\"wpcf7-form-control wpcf7-text wpcf7-validates-as-required\" aria-required=\"true\" aria-invalid=\"false\" \/><\/span> <\/label>\n<\/div>\n<div class=\"grid-50\">\n<label> E-mail:<br \/>\n    <span class=\"wpcf7-form-control-wrap sender-email\"><input type=\"email\" name=\"sender-email\" value=\"\" size=\"40\" class=\"wpcf7-form-control wpcf7-text wpcf7-email wpcf7-validates-as-required wpcf7-validates-as-email\" aria-required=\"true\" aria-invalid=\"false\" \/><\/span> <\/label>\n<\/div>\n<div class=\"grid-100\">\n<label> Subject:<br \/>\n    <span class=\"wpcf7-form-control-wrap sender-subject\"><input type=\"text\" name=\"sender-subject\" value=\"\" size=\"40\" class=\"wpcf7-form-control wpcf7-text wpcf7-validates-as-required\" aria-required=\"true\" aria-invalid=\"false\" \/><\/span> <\/label>\n<\/div>\n<div class=\"grid-100\">\n<label> Message:<br \/>\n    <span class=\"wpcf7-form-control-wrap sender-message\"><textarea name=\"sender-message\" cols=\"40\" rows=\"10\" class=\"wpcf7-form-control wpcf7-textarea wpcf7-validates-as-required\" aria-required=\"true\" aria-invalid=\"false\"><\/textarea><\/span> <\/label>\n<\/div>\n<div class=\"grid-100\">\n<span class=\"wpcf7-form-control-wrap your-consent\"><span class=\"wpcf7-form-control wpcf7-acceptance\"><span class=\"wpcf7-list-item\"><label><input type=\"checkbox\" name=\"your-consent\" value=\"1\" aria-invalid=\"false\" \/><span class=\"wpcf7-list-item-label\">I accept the terms of the <a href=\"https:\/\/alapcco.com\/en\/privacidade\" target=\"_blank\">Privacy Policy<\/a><\/span><\/label><\/span><\/span><\/span>\n<\/div>\n<div class=\"grid-100\">\n<input type=\"submit\" value=\"Send\" class=\"wpcf7-form-control has-spinner wpcf7-submit\" \/>\n<\/div>\n<\/div>\n<div class=\"wpcf7-response-output\" aria-hidden=\"true\"><\/div><\/form><\/div>\n<h2>Social Networks<\/h2>\n<p>Follow us on our networks and stay up to date with all the news from ALAPCCO.<\/p>\n<p><a href=\"https:\/\/www.facebook.com\/alapcco\/\" target=\"_blank\" rel=\"noopener\"><br \/>\nFacebook<br \/>\n<\/a><br \/>\n<a href=\"https:\/\/twitter.com\/alapcco\" target=\"_blank\" rel=\"noopener\"><br \/>\nTwitter<br \/>\n<\/a><br \/>\n<a href=\"https:\/\/www.instagram.com\/alapcco\/\" target=\"_blank\" rel=\"noopener\"><br \/>\nInstagram<br \/>\n<\/a><br \/>\n<a href=\"https:\/\/www.youtube.com\/channel\/UCfJL3qCIcj37d0T94XRxWdg\" target=\"_blank\" rel=\"noopener\"><br \/>\nYoutube<br \/>\n<\/a><\/p>\n","protected":false},"excerpt":{"rendered":"<p>CONTACTS HOME &nbsp; CONTACTS Contact us For information, questions or requests, please contact us through one of the following service channels. Social Networks Follow us on our networks and stay up to date with all the news from ALAPCCO. Facebook Twitter Instagram Youtube<\/p>\n","protected":false},"author":1,"featured_media":0,"parent":0,"menu_order":3,"comment_status":"closed","ping_status":"closed","template":"elementor_theme","meta":{"footnotes":""},"translation":{"provider":"WPGlobus","version":"2.8.11","language":"en","enabled_languages":["br","en","es"],"languages":{"br":{"title":true,"content":true,"excerpt":false},"en":{"title":true,"content":true,"excerpt":false},"es":{"title":true,"content":true,"excerpt":false}}},"yoast_head":"<!-- This site is optimized with the Yoast SEO plugin v18.5.1 - https:\/\/yoast.com\/wordpress\/plugins\/seo\/ -->\n<title>CONTACTS - LATIN AMERICAN FEDERATION OF COGNITIVE AND BEHAVIORAL PSYCHOTHERAPIES<\/title>\n<meta name=\"description\" content=\"Get in touch with our management team and report any questions or requests.\" \/>\n<meta name=\"robots\" content=\"index, follow, max-snippet:-1, max-image-preview:large, max-video-preview:-1\" \/>\n<link rel=\"canonical\" href=\"https:\/\/alapcco.com\/contatos\" \/>\n<meta property=\"og:locale\" content=\"en_US\" \/>\n<meta property=\"og:type\" content=\"article\" \/>\n<meta property=\"og:title\" content=\"CONTACTS - LATIN AMERICAN FEDERATION OF COGNITIVE AND BEHAVIORAL PSYCHOTHERAPIES\" \/>\n<meta property=\"og:description\" content=\"Get in touch with our management team and report any questions or requests.\" \/>\n<meta property=\"og:url\" content=\"https:\/\/alapcco.com\/contatos\" \/>\n<meta property=\"og:site_name\" content=\"LATIN AMERICAN FEDERATION OF COGNITIVE AND BEHAVIORAL PSYCHOTHERAPIES\" \/>\n<meta property=\"article:publisher\" content=\"https:\/\/www.facebook.com\/alapcco\/\" \/>\n<meta property=\"article:modified_time\" content=\"2022-05-12T18:34:02+00:00\" \/>\n<meta name=\"twitter:card\" content=\"summary_large_image\" \/>\n<meta name=\"twitter:site\" content=\"@alapcco\" \/>\n<meta name=\"twitter:label1\" content=\"Est. reading time\" \/>\n\t<meta name=\"twitter:data1\" content=\"1 minute\" \/>\n<script type=\"application\/ld+json\" class=\"yoast-schema-graph\">{\"@context\":\"https:\/\/schema.org\",\"@graph\":[{\"@type\":\"Organization\",\"@id\":\"https:\/\/alapcco.com\/#organization\",\"name\":\"ALAPCCO\",\"url\":\"https:\/\/alapcco.com\/\",\"sameAs\":[\"https:\/\/www.facebook.com\/alapcco\/\",\"https:\/\/www.instagram.com\/alapcco\/\",\"https:\/\/www.youtube.com\/channel\/UCfJL3qCIcj37d0T94XRxWdg\",\"https:\/\/twitter.com\/alapcco\"],\"logo\":{\"@type\":\"ImageObject\",\"@id\":\"https:\/\/alapcco.com\/#logo\",\"inLanguage\":\"en-US\",\"url\":\"https:\/\/alapcco.com\/wp-content\/uploads\/2021\/10\/logo-alapcco.png\",\"contentUrl\":\"https:\/\/alapcco.com\/wp-content\/uploads\/2021\/10\/logo-alapcco.png\",\"width\":1024,\"height\":246,\"caption\":\"ALAPCCO\"},\"image\":{\"@id\":\"https:\/\/alapcco.com\/#logo\"}},{\"@type\":\"WebSite\",\"@id\":\"https:\/\/alapcco.com\/#website\",\"url\":\"https:\/\/alapcco.com\/\",\"name\":\"LATIN AMERICAN FEDERATION OF COGNITIVE AND BEHAVIORAL PSYCHOTHERAPIES\",\"description\":\"LATIN AMERICAN FEDERATION OF COGNITIVE AND BEHAVIORAL PSYCHOTHERAPIES\",\"publisher\":{\"@id\":\"https:\/\/alapcco.com\/#organization\"},\"potentialAction\":[{\"@type\":\"SearchAction\",\"target\":{\"@type\":\"EntryPoint\",\"urlTemplate\":\"https:\/\/alapcco.com\/?s={search_term_string}\"},\"query-input\":\"required name=search_term_string\"}],\"inLanguage\":\"en-US\"},{\"@type\":\"WebPage\",\"@id\":\"https:\/\/alapcco.com\/contatos#webpage\",\"url\":\"https:\/\/alapcco.com\/contatos\",\"name\":\"CONTACTS - LATIN AMERICAN FEDERATION OF COGNITIVE AND BEHAVIORAL PSYCHOTHERAPIES\",\"isPartOf\":{\"@id\":\"https:\/\/alapcco.com\/#website\"},\"datePublished\":\"2021-09-01T16:04:58+00:00\",\"dateModified\":\"2022-05-12T18:34:02+00:00\",\"description\":\"Ponte en contacto con nuestro equipo de gesti\u00f3n e inf\u00f3rmanos de cualquier duda o petici\u00f3n.\",\"breadcrumb\":{\"@id\":\"https:\/\/alapcco.com\/contatos#breadcrumb\"},\"inLanguage\":\"en-US\",\"potentialAction\":[{\"@type\":\"ReadAction\",\"target\":[\"https:\/\/alapcco.com\/contatos\"]}]},{\"@type\":\"BreadcrumbList\",\"@id\":\"https:\/\/alapcco.com\/contatos#breadcrumb\",\"itemListElement\":[{\"@type\":\"ListItem\",\"position\":1,\"name\":\"In\u00edcio\",\"item\":\"https:\/\/alapcco.com\/\"},{\"@type\":\"ListItem\",\"position\":2,\"name\":\"CONTATOS\"}]}]}<\/script>\n<!-- \/ Yoast SEO plugin. -->","yoast_head_json":{"title":"CONTACTS - LATIN AMERICAN FEDERATION OF COGNITIVE AND BEHAVIORAL PSYCHOTHERAPIES","description":"Get in touch with our management team and report any questions or requests.","robots":{"index":"index","follow":"follow","max-snippet":"max-snippet:-1","max-image-preview":"max-image-preview:large","max-video-preview":"max-video-preview:-1"},"canonical":"https:\/\/alapcco.com\/contatos","og_locale":"en_US","og_type":"article","og_title":"CONTACTS - LATIN AMERICAN FEDERATION OF COGNITIVE AND BEHAVIORAL PSYCHOTHERAPIES","og_description":"Get in touch with our management team and report any questions or requests.","og_url":"https:\/\/alapcco.com\/contatos","og_site_name":"LATIN AMERICAN FEDERATION OF COGNITIVE AND BEHAVIORAL PSYCHOTHERAPIES","article_publisher":"https:\/\/www.facebook.com\/alapcco\/","article_modified_time":"2022-05-12T18:34:02+00:00","twitter_card":"summary_large_image","twitter_site":"@alapcco","twitter_misc":{"Est. reading time":"1 minute"},"schema":{"@context":"https:\/\/schema.org","@graph":[{"@type":"Organization","@id":"https:\/\/alapcco.com\/#organization","name":"ALAPCCO","url":"https:\/\/alapcco.com\/","sameAs":["https:\/\/www.facebook.com\/alapcco\/","https:\/\/www.instagram.com\/alapcco\/","https:\/\/www.youtube.com\/channel\/UCfJL3qCIcj37d0T94XRxWdg","https:\/\/twitter.com\/alapcco"],"logo":{"@type":"ImageObject","@id":"https:\/\/alapcco.com\/#logo","inLanguage":"en-US","url":"https:\/\/alapcco.com\/wp-content\/uploads\/2021\/10\/logo-alapcco.png","contentUrl":"https:\/\/alapcco.com\/wp-content\/uploads\/2021\/10\/logo-alapcco.png","width":1024,"height":246,"caption":"ALAPCCO"},"image":{"@id":"https:\/\/alapcco.com\/#logo"}},{"@type":"WebSite","@id":"https:\/\/alapcco.com\/#website","url":"https:\/\/alapcco.com\/","name":"LATIN AMERICAN FEDERATION OF COGNITIVE AND BEHAVIORAL PSYCHOTHERAPIES","description":"LATIN AMERICAN FEDERATION OF COGNITIVE AND BEHAVIORAL PSYCHOTHERAPIES","publisher":{"@id":"https:\/\/alapcco.com\/#organization"},"potentialAction":[{"@type":"SearchAction","target":{"@type":"EntryPoint","urlTemplate":"https:\/\/alapcco.com\/?s={search_term_string}"},"query-input":"required name=search_term_string"}],"inLanguage":"en-US"},{"@type":"WebPage","@id":"https:\/\/alapcco.com\/contatos#webpage","url":"https:\/\/alapcco.com\/contatos","name":"CONTACTS - LATIN AMERICAN FEDERATION OF COGNITIVE AND BEHAVIORAL PSYCHOTHERAPIES","isPartOf":{"@id":"https:\/\/alapcco.com\/#website"},"datePublished":"2021-09-01T16:04:58+00:00","dateModified":"2022-05-12T18:34:02+00:00","description":"Ponte en contacto con nuestro equipo de gesti\u00f3n e inf\u00f3rmanos de cualquier duda o petici\u00f3n.","breadcrumb":{"@id":"https:\/\/alapcco.com\/contatos#breadcrumb"},"inLanguage":"en-US","potentialAction":[{"@type":"ReadAction","target":["https:\/\/alapcco.com\/contatos"]}]},{"@type":"BreadcrumbList","@id":"https:\/\/alapcco.com\/contatos#breadcrumb","itemListElement":[{"@type":"ListItem","position":1,"name":"In\u00edcio","item":"https:\/\/alapcco.com\/"},{"@type":"ListItem","position":2,"name":"CONTATOS"}]}]}},"_links":{"self":[{"href":"https:\/\/alapcco.com\/en\/wp-json\/wp\/v2\/pages\/391"}],"collection":[{"href":"https:\/\/alapcco.com\/en\/wp-json\/wp\/v2\/pages"}],"about":[{"href":"https:\/\/alapcco.com\/en\/wp-json\/wp\/v2\/types\/page"}],"author":[{"embeddable":true,"href":"https:\/\/alapcco.com\/en\/wp-json\/wp\/v2\/users\/1"}],"replies":[{"embeddable":true,"href":"https:\/\/alapcco.com\/en\/wp-json\/wp\/v2\/comments?post=391"}],"version-history":[{"count":106,"href":"https:\/\/alapcco.com\/en\/wp-json\/wp\/v2\/pages\/391\/revisions"}],"predecessor-version":[{"id":5715,"href":"https:\/\/alapcco.com\/en\/wp-json\/wp\/v2\/pages\/391\/revisions\/5715"}],"wp:attachment":[{"href":"https:\/\/alapcco.com\/en\/wp-json\/wp\/v2\/media?parent=391"}],"curies":[{"name":"wp","href":"https:\/\/api.w.org\/{rel}","templated":true}]}}