{"id":321,"date":"2021-08-31T14:21:14","date_gmt":"2021-08-31T17:21:14","guid":{"rendered":"https:\/\/alapcco.com\/?page_id=321"},"modified":"2022-05-12T14:58:58","modified_gmt":"2022-05-12T17:58:58","slug":"conselho-consultivo","status":"publish","type":"page","link":"https:\/\/alapcco.com\/en\/conselho-consultivo","title":{"rendered":"ADVISORY BOARD"},"content":{"rendered":"<section style=\"background-image: url('https:\/\/alapcco.com\/wp-content\/uploads\/2022\/04\/alapcco-banner-interno.jpg');\">\n<h1>ADVISORY BOARD<\/h1>\n<ul>\n<li><a href=\"http:\/\/alapcco.web2128.uni5.net\/en\/\">HOME &nbsp;<\/a><\/li>\n<li>ADVISORY BOARD<\/li>\n<\/ul>\n<\/section>\n<h2>Discover our advisory board<\/h2>\n<p><a href=\"\"><img decoding=\"async\" src=\"https:\/\/alapcco.com\/wp-content\/uploads\/2022\/02\/alapcco-membros-augusto-zagmut.jpg\" loading=\"lazy\"><\/a><\/p>\n<p><a href=\"\">Augusto Zagmutt<br \/>\n<img decoding=\"async\" src=\"https:\/\/alapcco.com\/wp-content\/uploads\/2022\/02\/alapcco-membros-bandeiras-chile.svg\"><\/p>\n<p><\/a><a href=\"\"><\/a><\/p>\n<p>Adjunct Professor of the Facultad de Ciencias Sociales de la Universidad de Chile;<br \/>\nFirst president and founder of the Chilean Society of Clinical Psychology;<br \/>\nFounder and Director of the journal \u201d Terapia Psicol\u00f3gica \u201c;<br \/>\nFounder and former president of the Federaci\u00f3n Latinoamericana de Psicoterapias Cognitivas y Conductuales \u2013 ALAPCCO (2000-2002);<br \/>\nFounder of APSICO (Asociaci\u00f3n Chilena de Terapias Cognitivas);<br \/>\nFounder, Director and Professor of the Society of Post-rational Cognitive Therapy, Chile;<br \/>\nCertified Clinical Supervisor;<br \/>\n\u201cSergio Yulis\u201d Prize from the Chilean Society of Clinical Psychology;<br \/>\nWinner of two prizes of the College of Psychologists, Chile.<\/p>\n<p><a href=\"\"><img decoding=\"async\" src=\"https:\/\/alapcco.com\/wp-content\/uploads\/2022\/02\/alapcco-membros-bernard-range.png\" loading=\"lazy\"><\/a><\/p>\n<p><a href=\"\">Bernard Rang\u00e9<br \/>\n<img decoding=\"async\" src=\"https:\/\/alapcco.com\/wp-content\/uploads\/2022\/02\/alapcco-membros-bandeiras-brasil.svg\"><\/p>\n<p><\/a><a href=\"\"><\/a><\/p>\n<p>Specialist in Cognitive Therapy from the Beck Institute;<br \/>\nPhD in Psychology from the Federal University of Rio de Janeiro, Brazil;<br \/>\nProfessor of the Postgraduate Program in Psychology (Institute of Psychology, Federal University of Rio de Janeiro), Brazil;<br \/>\nSupervisor of the Division of Applied Psychology of the IP\/UFRJ, Brazil;<br \/>\nPresident-Founder of the Associa\u00e7\u00e3o Brasileira de Psicoterapia e Medicina Comportamental (ABPMC);<br \/>\nFormer Vice President and Founder of the Sociedade Brasileira de Terapias Cognitivas (SBTC);<br \/>\nFormer President and Founder of the Federaci\u00f3n Latinoamericana de Psicoterapias Cognitivas y Conductuales \u2013 ALAPCCO (2002-2004 \/ 2012-2015);<br \/>\nResponsible Director of the Center for Cognitive Psychotherapy in Rio de Janeiro, Brazil;<br \/>\nOrganizer of several chapters and books, among them: Psicoterapias cognitivas conductuales, Un di\u00e1logo con psiquiatr\u00eda (2\u00aa ed.), Porto Alegre: Artmed, 2011.<\/p>\n<p><a href=\"\"><img decoding=\"async\" src=\"https:\/\/alapcco.com\/wp-content\/uploads\/2022\/02\/alapcco-membros-claudia-bregman.jpg\" loading=\"lazy\"><\/a><\/p>\n<p><a href=\"\">Claudia Bregman<br \/>\n<img decoding=\"async\" src=\"https:\/\/alapcco.com\/wp-content\/uploads\/2022\/02\/alapcco-membros-bandeiras-argentina.svg\"><\/p>\n<p><\/a><a href=\"\"><\/a><\/p>\n<p>Graduated in Psychology from the University of Belgrano, Argentina;<br \/>\nPsychotherapist specializing in anxiety disorders, Argentina;<br \/>\nProfessor of the Master\u2019s Degree in Psycho-Oncology \u2013 Universidad Favaloro, Argentina;<br \/>\nProfessor in the training (1st and 2nd levels) of the Argentine Association of Anxiety Disorders;<br \/>\nCoordinates the PATER Program (Psychological Attention Program for people in situations of vulnerability), Argentina;<br \/>\nMember of the Board of Directors of the Aigl\u00e9 Foundation, Argentina;<br \/>\nPresident of the Argentine Association of Cognitive Therapy (1999-2002 \/ 2007-2010);<br \/>\nMember of the first Directorate of the Federaci\u00f3n Latinoamericana de Psicoterapias Cognitivas y Conductuales (ALAPCCO) and former presidente (2010-2012);<br \/>\nMember of the Board of Directors of the Argentine Association of Cognitive Therapy and also Member of the Board of Directors of the Argentine Association of Anxiety Disorders;<br \/>\nMember of the Advisory Board of the Virtual Library in Psychology (BVS) \u2013 Argentina;<br \/>\nEditor of Revista Argentina de Cl\u00ednica Psicol\u00f3gica from 1996 to 2003 and currently responsible for its management.<\/p>\n<p><a href=\"\"><img decoding=\"async\" src=\"https:\/\/alapcco.com\/wp-content\/uploads\/2022\/02\/alapcco-membros-hector-fernandez-alvarez.jpg\" loading=\"lazy\" \"=\"\"><\/a><\/p>\n<p><a href=\"\">Hector Fernandez Alvarez<br \/>\n<img decoding=\"async\" src=\"https:\/\/alapcco.com\/wp-content\/uploads\/2022\/02\/alapcco-membros-bandeiras-argentina.svg\"><\/p>\n<p><\/a><a href=\"\"><\/a><\/p>\n<p>PhD in Psychology from the Psychology Department \u2013 National University of San Luis, Argentina;<br \/>\nFounding Member and Honorary President of the Aigl\u00e9 Foundation, Argentina;<br \/>\nDirector of the Revista Argentina de Cl\u00ednica Psicol\u00f3gica;<br \/>\nDirector of the Specialization in Cognitive Psychotherapy \u2013 University of Mar del Plata); in Family Psychotherapy with Cognitive Orientation (Universidad Maim\u00f3nides), Argentina;<br \/>\nVice-director of the Master\u2019s Degree in Multidisciplinary Intervention (University of Valencia), Espanha;<br \/>\nDelegate in Argentina of the International Association of Cognitive Psychotherapy;<br \/>\nFounding Member of the Associa\u00e7\u00e3o Argentina de Terapia Cognitiva (AATC) and of the Federaci\u00f3n Latinoamericana de Psicoterapias Cognitivas y Conductuales (ALAPCCO);<br \/>\nFormer President of the Federaci\u00f3n Latinoamericana de Psicoterapias Cognitivas y Conductuales \u2013 ALAPCCO (2004-2006);<br \/>\nCollaborates as a member of the editorial board of several scientific journals: Journal of Psychotherapy Integration; Revista Internacional de Psicolog\u00eda Cl\u00ednica y de la Salud; Revista Interamericana de Psicolog\u00eda; Revista de Psicopatolog\u00eda y Psicolog\u00eda Cl\u00ednica; Actos Psiqui\u00e1tricos y Psicol\u00f3gicos de Am\u00e9rica Latina.<\/p>\n<p><a href=\"\"><img decoding=\"async\" src=\"https:\/\/alapcco.com\/wp-content\/uploads\/2022\/02\/alapcco-membros-ileana-caputo.jpg\" loading=\"lazy\" \"=\"\"><\/a><\/p>\n<p><a href=\"\">Ileana Caputo<br \/>\n<img decoding=\"async\" src=\"https:\/\/alapcco.com\/wp-content\/uploads\/2022\/02\/alapcco-membros-bandeiras-uruguai.svg\"><\/p>\n<p><\/a><a href=\"\"><\/a><\/p>\n<p>Graduated in Psychology (Universidad de la Republica Oriental del Uruguay);<br \/>\nSpecialization in Psychotherapy in Health Services \u2013 Emphasis Cognitive-behavioral Psychotropic (Escuela de graduados Facultad de Medicina, Uruguay);<br \/>\nMaster in Cognitive Clinical Psychology \u2013 emphasis adults (Universidad Cat\u00f3lica del Uruguay);<br \/>\nCognitive-behavioral therapist \u2013 Sociedad Uruguaya de An\u00e1lisis y Modificaci\u00f3n de la Conducta \u2013 SUAMOC;<br \/>\nProfessor, supervisor and coordinator of the level III training courses of Cognitive-Behavioral Therapists of SUAMOC, Uruguay;<br \/>\nFormer president of SUAMOC (2010-2014);<br \/>\nFormer president of the Federaci\u00f3n Latinoamericana de Psicoterapias Cognitivas y Conductuales \u2013 ALAPCCO (2006-2008).<\/p>\n<p><a href=\"\"><img decoding=\"async\" src=\"https:\/\/alapcco.com\/wp-content\/uploads\/2022\/04\/alapcco-membros-maria-clara-rodrigues.jpg\" loading=\"lazy\" \"=\"\"><\/a><\/p>\n<p><a href=\"\">Mar\u00eda Clara Rodriguez<br \/>\n<img decoding=\"async\" src=\"https:\/\/alapcco.com\/wp-content\/uploads\/2022\/02\/alapcco-membros-bandeiras-colombia.svg\"><\/p>\n<p><\/a><a href=\"\"><\/a><\/p>\n<p>Psychologist from Universidad de los Andes, Colombia;<br \/>\nMaster in Research by the Universidad Pedag\u00f3gica Nacional, Colombia;<br \/>\nProfessor and researcher in undergraduate and postgraduate courses, Colombia;<br \/>\nDirection of Centers of Attention in Psychology, Colombia;<br \/>\nExperience in clinical therapy;<br \/>\nRegional Representative of the Field of Clinical Psychology \u2013 Bogot\u00e1, Colombia;<br \/>\nFormer president of the Federaci\u00f3n Latinoamericana de Psicoterapias Cognitivas y Conductuales \u2013 ALAPCCO (2008-2010);<br \/>\nParticipation in special projects, Colpsic, with themes of Mental Health, Primary Health Care and Profile and Competencies of the Psychologist in Colombia \u2013 in the Context of Health and Attention to Victims of Armed Conflict.<br \/>\nPublications in national and international indexed journals;<\/p>\n<p><a href=\"\"><img decoding=\"async\" src=\"https:\/\/alapcco.com\/wp-content\/uploads\/2022\/04\/alapcco-membros-maria-esther-lagos.jpg\" loading=\"lazy\" \"=\"\"><\/a><\/p>\n<p><a href=\"\">Maria Esther Lagos<br \/>\n<img decoding=\"async\" src=\"https:\/\/alapcco.com\/wp-content\/uploads\/2022\/02\/alapcco-membros-bandeiras-uruguai.svg\"><\/p>\n<p><\/a><a href=\"\"><\/a><\/p>\n<p>Graduated in Psychology, University of the Republic of Uruguay;<br \/>\nProfessor and Supervisor of Training in Psychotherapy in Health Services (Faculty of Medicine \u2013 University of the Republic of Uruguay);<br \/>\nProfessor and tutoress in the Postgraduate Course in Cognitive Psychology and Integrative Psychotherapy \u2013 Psiconeuroinmunoendocrinolog\u00eda \u2013 Universidad Cat\u00f3lica de Uruguay (PNIE \u2013 UCU);<br \/>\nClinical Supervision and General Coordinator of the professors of the Sociedad Uruguaya de An\u00e1lisis y Modificaci\u00f3n de la Conducta \u2013 SUAMOC and the teaching staff of the agreement with the Adult Psychiatry Clinic (Psychotherapies Program \u2013 Clinical Hospital of the Facultad de Medicina, Universidad de la Rep\u00fablica, Uruguay);<br \/>\nMember of the Executive Committee and Coordinator of Cognitive-Behavioral Systems in Psychotherapy in Health Services (Faculty of Graduates \u2013 Faculty of Medicine \u2013 University of the Republic), Uruguay;<br \/>\nHonorary Member of SUAMOC \u2013 since July 2018;<br \/>\nFormer President of Federaci\u00f3n Latinoamericana de Psicoterapias Cognitivas y Conductuales \u2013 ALAPCCO (2015-2019);<br \/>\nFormer president of FLAPSI \u2013 Federaci\u00f3n Latinoamericana de Psicoterapias (2010-2012);<br \/>\nFormer president of SUAMOC (2000-2002 \/ 2002-2004);<br \/>\nPresident of the SUAMOC (2019- 2021).<\/p>\n<p><a href=\"\"><img decoding=\"async\" src=\"https:\/\/alapcco.com\/wp-content\/uploads\/2022\/02\/alapcco-membros-paulo-knapp.jpg\" loading=\"lazy\" \"=\"\"><\/a><\/p>\n<p><a href=\"\">Paulo Knapp (IN MEMORIAM)<br \/>\n<img decoding=\"async\" src=\"https:\/\/alapcco.com\/wp-content\/uploads\/2022\/02\/alapcco-membros-bandeiras-brasil.svg\"><\/p>\n<p><\/a><a href=\"\"><\/a><\/p>\n<p>Graduated in Medicine from the Universidad Cat\u00f3lica de Pelotas, Brazil;<br \/>\nSpecialization in Chemical Dependencies from Universidad McGill, USA;<br \/>\nMedical Residency by the Asociaci\u00f3n Cl\u00ednica Encarnaci\u00f3n Blaya Pinel, Brazil;<br \/>\nMaster and PhD in Psychiatry, Federal University of Rio Grande do Sul, Brazil;<br \/>\nVisiting Professor \u2013 Individualized visitors Program \u2013 Beck Institute, USA;<br \/>\nClinical Therapist in private practice, Brazil;<br \/>\nEditor of the book \u201cTerapia Cognitivo-comportamental na pr\u00e1tica psiqui\u00e1trica\u201d.<\/p>\n<p><a href=\"\"><img decoding=\"async\" src=\"https:\/\/alapcco.com\/wp-content\/uploads\/2022\/02\/alapcco-membros-raquel-zamora.jpg\" loading=\"lazy\" \"=\"\"><\/a><\/p>\n<p><a href=\"\">Raquel Zamora<br \/>\n<img decoding=\"async\" src=\"https:\/\/alapcco.com\/wp-content\/uploads\/2022\/02\/alapcco-membros-bandeiras-uruguai.svg\"><\/p>\n<p><\/a><a href=\"\"><\/a><\/p>\n<p>Graduated from the Faculty of Medicine of the University of the Republic, Uruguay;<br \/>\nSpecialist in Pediatrics and Psychiatry, Uruguay;<br \/>\nTitle of cognitive-behavioral psychotherapist, Uruguay;<br \/>\nMaster\u2019s Degree in Psychoneuroimmuno endocrinology from Favaloro University, Buenos Aires, Argentina;<br \/>\nProfessor of Psychiatry at the Facultad de Medicina del Centro Latinoamericano de Econom\u00eda Humana (CLAEH) \u2013 Punta del Este, Uruguay;<br \/>\nProfessor and tutor in the Specialization: Integration in health psiconeuroinmuno endocrinol\u00f3gica \u2013 Facultad de Psicolog\u00eda de la Universidad Cat\u00f3lica del Uruguay;<br \/>\nLecturer and supervisor of the Sociedad Uruguaya de An\u00e1lisis y Modificaci\u00f3n de la Conducta \u2013 SUAMOC cognitive-behavioral therapist courses;<br \/>\nDirector and founder of the Center for Psychiatric-Psychological Attention with Updated Therapies in Montevideo;<br \/>\nFormer President of SUAMOC (1998-1999);<br \/>\nFounder and First President of the Federaci\u00f3n Latinoamericana de Psicoterapias Cognitivas y Conductuales \u2013 ALAPCCO (1999-2000);<br \/>\nFormer President of the Society of Biological Psychiatry (2003 \u2013 2006).<\/p>\n","protected":false},"excerpt":{"rendered":"<p>ADVISORY BOARD HOME &nbsp; ADVISORY BOARD Discover our advisory board Augusto Zagmutt Adjunct Professor of the Facultad de Ciencias Sociales de la Universidad de Chile; First president and founder of the Chilean Society of Clinical Psychology; Founder and Director of the journal \u201d Terapia Psicol\u00f3gica \u201c; Founder and former president of the Federaci\u00f3n Latinoamericana de [&hellip;]<\/p>\n","protected":false},"author":1,"featured_media":0,"parent":0,"menu_order":0,"comment_status":"closed","ping_status":"closed","template":"elementor_theme","meta":{"footnotes":""},"translation":{"provider":"WPGlobus","version":"2.8.11","language":"en","enabled_languages":["br","en","es"],"languages":{"br":{"title":true,"content":true,"excerpt":false},"en":{"title":true,"content":true,"excerpt":false},"es":{"title":true,"content":true,"excerpt":false}}},"yoast_head":"<!-- This site is optimized with the Yoast SEO plugin v18.5.1 - https:\/\/yoast.com\/wordpress\/plugins\/seo\/ -->\n<title>ADVISORY BOARD - LATIN AMERICAN FEDERATION OF COGNITIVE AND BEHAVIORAL PSYCHOTHERAPIES<\/title>\n<meta name=\"description\" content=\"Meet the people at the head of our tax advisory board.\" \/>\n<meta name=\"robots\" content=\"index, follow, max-snippet:-1, max-image-preview:large, max-video-preview:-1\" \/>\n<link rel=\"canonical\" href=\"https:\/\/alapcco.com\/conselho-consultivo\" \/>\n<meta property=\"og:locale\" content=\"en_US\" \/>\n<meta property=\"og:type\" content=\"article\" \/>\n<meta property=\"og:title\" content=\"ADVISORY BOARD - LATIN AMERICAN FEDERATION OF COGNITIVE AND BEHAVIORAL PSYCHOTHERAPIES\" \/>\n<meta property=\"og:description\" content=\"Meet the people at the head of our tax advisory board.\" \/>\n<meta property=\"og:url\" content=\"https:\/\/alapcco.com\/conselho-consultivo\" \/>\n<meta property=\"og:site_name\" content=\"LATIN AMERICAN FEDERATION OF COGNITIVE AND BEHAVIORAL PSYCHOTHERAPIES\" \/>\n<meta property=\"article:publisher\" content=\"https:\/\/www.facebook.com\/alapcco\/\" \/>\n<meta property=\"article:modified_time\" content=\"2022-05-12T17:58:58+00:00\" \/>\n<meta property=\"og:image\" content=\"https:\/\/alapcco.com\/wp-content\/uploads\/2022\/02\/alapcco-membros-augusto-zagmut.jpg\" \/>\n<meta name=\"twitter:card\" content=\"summary_large_image\" \/>\n<meta name=\"twitter:site\" content=\"@alapcco\" \/>\n<meta name=\"twitter:label1\" content=\"Est. reading time\" \/>\n\t<meta name=\"twitter:data1\" content=\"10 minutes\" \/>\n<script type=\"application\/ld+json\" class=\"yoast-schema-graph\">{\"@context\":\"https:\/\/schema.org\",\"@graph\":[{\"@type\":\"Organization\",\"@id\":\"https:\/\/alapcco.com\/#organization\",\"name\":\"ALAPCCO\",\"url\":\"https:\/\/alapcco.com\/\",\"sameAs\":[\"https:\/\/www.facebook.com\/alapcco\/\",\"https:\/\/www.instagram.com\/alapcco\/\",\"https:\/\/www.youtube.com\/channel\/UCfJL3qCIcj37d0T94XRxWdg\",\"https:\/\/twitter.com\/alapcco\"],\"logo\":{\"@type\":\"ImageObject\",\"@id\":\"https:\/\/alapcco.com\/#logo\",\"inLanguage\":\"en-US\",\"url\":\"https:\/\/alapcco.com\/wp-content\/uploads\/2021\/10\/logo-alapcco.png\",\"contentUrl\":\"https:\/\/alapcco.com\/wp-content\/uploads\/2021\/10\/logo-alapcco.png\",\"width\":1024,\"height\":246,\"caption\":\"ALAPCCO\"},\"image\":{\"@id\":\"https:\/\/alapcco.com\/#logo\"}},{\"@type\":\"WebSite\",\"@id\":\"https:\/\/alapcco.com\/#website\",\"url\":\"https:\/\/alapcco.com\/\",\"name\":\"LATIN AMERICAN FEDERATION OF COGNITIVE AND BEHAVIORAL PSYCHOTHERAPIES\",\"description\":\"LATIN AMERICAN FEDERATION OF COGNITIVE AND BEHAVIORAL PSYCHOTHERAPIES\",\"publisher\":{\"@id\":\"https:\/\/alapcco.com\/#organization\"},\"potentialAction\":[{\"@type\":\"SearchAction\",\"target\":{\"@type\":\"EntryPoint\",\"urlTemplate\":\"https:\/\/alapcco.com\/?s={search_term_string}\"},\"query-input\":\"required name=search_term_string\"}],\"inLanguage\":\"en-US\"},{\"@type\":\"ImageObject\",\"@id\":\"https:\/\/alapcco.com\/conselho-consultivo#primaryimage\",\"inLanguage\":\"en-US\",\"url\":\"https:\/\/alapcco.com\/wp-content\/uploads\/2022\/02\/alapcco-membros-augusto-zagmut.jpg\",\"contentUrl\":\"https:\/\/alapcco.com\/wp-content\/uploads\/2022\/02\/alapcco-membros-augusto-zagmut.jpg\",\"width\":200,\"height\":200},{\"@type\":\"WebPage\",\"@id\":\"https:\/\/alapcco.com\/conselho-consultivo#webpage\",\"url\":\"https:\/\/alapcco.com\/conselho-consultivo\",\"name\":\"ADVISORY BOARD - LATIN AMERICAN FEDERATION OF COGNITIVE AND BEHAVIORAL PSYCHOTHERAPIES\",\"isPartOf\":{\"@id\":\"https:\/\/alapcco.com\/#website\"},\"primaryImageOfPage\":{\"@id\":\"https:\/\/alapcco.com\/conselho-consultivo#primaryimage\"},\"datePublished\":\"2021-08-31T17:21:14+00:00\",\"dateModified\":\"2022-05-12T17:58:58+00:00\",\"description\":\"Conozca a las personas que encabezan nuestro consejo asesor fiscal.\",\"breadcrumb\":{\"@id\":\"https:\/\/alapcco.com\/conselho-consultivo#breadcrumb\"},\"inLanguage\":\"en-US\",\"potentialAction\":[{\"@type\":\"ReadAction\",\"target\":[\"https:\/\/alapcco.com\/conselho-consultivo\"]}]},{\"@type\":\"BreadcrumbList\",\"@id\":\"https:\/\/alapcco.com\/conselho-consultivo#breadcrumb\",\"itemListElement\":[{\"@type\":\"ListItem\",\"position\":1,\"name\":\"In\u00edcio\",\"item\":\"https:\/\/alapcco.com\/\"},{\"@type\":\"ListItem\",\"position\":2,\"name\":\"CONSELHO CONSULTIVO E FISCAL\"}]}]}<\/script>\n<!-- \/ Yoast SEO plugin. -->","yoast_head_json":{"title":"ADVISORY BOARD - LATIN AMERICAN FEDERATION OF COGNITIVE AND BEHAVIORAL PSYCHOTHERAPIES","description":"Meet the people at the head of our tax advisory board.","robots":{"index":"index","follow":"follow","max-snippet":"max-snippet:-1","max-image-preview":"max-image-preview:large","max-video-preview":"max-video-preview:-1"},"canonical":"https:\/\/alapcco.com\/conselho-consultivo","og_locale":"en_US","og_type":"article","og_title":"ADVISORY BOARD - LATIN AMERICAN FEDERATION OF COGNITIVE AND BEHAVIORAL PSYCHOTHERAPIES","og_description":"Meet the people at the head of our tax advisory board.","og_url":"https:\/\/alapcco.com\/conselho-consultivo","og_site_name":"LATIN AMERICAN FEDERATION OF COGNITIVE AND BEHAVIORAL PSYCHOTHERAPIES","article_publisher":"https:\/\/www.facebook.com\/alapcco\/","article_modified_time":"2022-05-12T17:58:58+00:00","og_image":[{"url":"https:\/\/alapcco.com\/wp-content\/uploads\/2022\/02\/alapcco-membros-augusto-zagmut.jpg"}],"twitter_card":"summary_large_image","twitter_site":"@alapcco","twitter_misc":{"Est. reading time":"10 minutes"},"schema":{"@context":"https:\/\/schema.org","@graph":[{"@type":"Organization","@id":"https:\/\/alapcco.com\/#organization","name":"ALAPCCO","url":"https:\/\/alapcco.com\/","sameAs":["https:\/\/www.facebook.com\/alapcco\/","https:\/\/www.instagram.com\/alapcco\/","https:\/\/www.youtube.com\/channel\/UCfJL3qCIcj37d0T94XRxWdg","https:\/\/twitter.com\/alapcco"],"logo":{"@type":"ImageObject","@id":"https:\/\/alapcco.com\/#logo","inLanguage":"en-US","url":"https:\/\/alapcco.com\/wp-content\/uploads\/2021\/10\/logo-alapcco.png","contentUrl":"https:\/\/alapcco.com\/wp-content\/uploads\/2021\/10\/logo-alapcco.png","width":1024,"height":246,"caption":"ALAPCCO"},"image":{"@id":"https:\/\/alapcco.com\/#logo"}},{"@type":"WebSite","@id":"https:\/\/alapcco.com\/#website","url":"https:\/\/alapcco.com\/","name":"LATIN AMERICAN FEDERATION OF COGNITIVE AND BEHAVIORAL PSYCHOTHERAPIES","description":"LATIN AMERICAN FEDERATION OF COGNITIVE AND BEHAVIORAL PSYCHOTHERAPIES","publisher":{"@id":"https:\/\/alapcco.com\/#organization"},"potentialAction":[{"@type":"SearchAction","target":{"@type":"EntryPoint","urlTemplate":"https:\/\/alapcco.com\/?s={search_term_string}"},"query-input":"required name=search_term_string"}],"inLanguage":"en-US"},{"@type":"ImageObject","@id":"https:\/\/alapcco.com\/conselho-consultivo#primaryimage","inLanguage":"en-US","url":"https:\/\/alapcco.com\/wp-content\/uploads\/2022\/02\/alapcco-membros-augusto-zagmut.jpg","contentUrl":"https:\/\/alapcco.com\/wp-content\/uploads\/2022\/02\/alapcco-membros-augusto-zagmut.jpg","width":200,"height":200},{"@type":"WebPage","@id":"https:\/\/alapcco.com\/conselho-consultivo#webpage","url":"https:\/\/alapcco.com\/conselho-consultivo","name":"ADVISORY BOARD - LATIN AMERICAN FEDERATION OF COGNITIVE AND BEHAVIORAL PSYCHOTHERAPIES","isPartOf":{"@id":"https:\/\/alapcco.com\/#website"},"primaryImageOfPage":{"@id":"https:\/\/alapcco.com\/conselho-consultivo#primaryimage"},"datePublished":"2021-08-31T17:21:14+00:00","dateModified":"2022-05-12T17:58:58+00:00","description":"Conozca a las personas que encabezan nuestro consejo asesor fiscal.","breadcrumb":{"@id":"https:\/\/alapcco.com\/conselho-consultivo#breadcrumb"},"inLanguage":"en-US","potentialAction":[{"@type":"ReadAction","target":["https:\/\/alapcco.com\/conselho-consultivo"]}]},{"@type":"BreadcrumbList","@id":"https:\/\/alapcco.com\/conselho-consultivo#breadcrumb","itemListElement":[{"@type":"ListItem","position":1,"name":"In\u00edcio","item":"https:\/\/alapcco.com\/"},{"@type":"ListItem","position":2,"name":"CONSELHO CONSULTIVO E FISCAL"}]}]}},"_links":{"self":[{"href":"https:\/\/alapcco.com\/en\/wp-json\/wp\/v2\/pages\/321"}],"collection":[{"href":"https:\/\/alapcco.com\/en\/wp-json\/wp\/v2\/pages"}],"about":[{"href":"https:\/\/alapcco.com\/en\/wp-json\/wp\/v2\/types\/page"}],"author":[{"embeddable":true,"href":"https:\/\/alapcco.com\/en\/wp-json\/wp\/v2\/users\/1"}],"replies":[{"embeddable":true,"href":"https:\/\/alapcco.com\/en\/wp-json\/wp\/v2\/comments?post=321"}],"version-history":[{"count":407,"href":"https:\/\/alapcco.com\/en\/wp-json\/wp\/v2\/pages\/321\/revisions"}],"predecessor-version":[{"id":5696,"href":"https:\/\/alapcco.com\/en\/wp-json\/wp\/v2\/pages\/321\/revisions\/5696"}],"wp:attachment":[{"href":"https:\/\/alapcco.com\/en\/wp-json\/wp\/v2\/media?parent=321"}],"curies":[{"name":"wp","href":"https:\/\/api.w.org\/{rel}","templated":true}]}}