{"id":2061,"date":"2022-02-22T10:53:45","date_gmt":"2022-02-22T13:53:45","guid":{"rendered":"https:\/\/alapcco.com\/?page_id=2061"},"modified":"2022-12-08T14:07:34","modified_gmt":"2022-12-08T17:07:34","slug":"representantes-dos-paises","status":"publish","type":"page","link":"https:\/\/alapcco.com\/en\/representantes-dos-paises","title":{"rendered":"REPRESENTATIVES"},"content":{"rendered":"<section style=\"background-image: url('https:\/\/alapcco.com\/wp-content\/uploads\/2022\/04\/alapcco-banner-interno.jpg');\">\n<h1>REPRESENTATIVES<\/h1>\n<ul>\n<li><a href=\"http:\/\/alapcco.web2128.uni5.net\/en\/\">HOME &nbsp;<\/a><\/li>\n<li>REPRESENTATIVES<\/li>\n<\/ul>\n<\/section>\n<h2>Meet the representatives of the member countries<\/h2>\n<p><a href=\"\"><\/a><\/p>\n<p>Andr\u00e9s Sanchez<\/p>\n<p>Adriana Berlingeri<\/p>\n<p>Alicia Facio<\/p>\n<p><a href=\"\"><\/a><\/p>\n<p>Carmen Barr\u00f3n<br \/>\nErnesto Sard\u00e1n<br \/>\nVanessa Rodriguez<\/p>\n<p><a href=\"\"><\/a><\/p>\n<p>Marcele Carvalho<br \/>\nReginete Cavalcante<br \/>\nWilson Melo<\/p>\n<p><a href=\"\"><\/a><\/p>\n<p>Catalina Ferrer<br \/>\nCrist\u00f3bal Hern\u00e1ndez<br \/>\nJuan Ya\u00f1es<\/p>\n<p><a href=\"\"><\/a><\/p>\n<p>Fredy Romero<br \/>\nLeonidas Castro<br \/>\nMaria Clara Cuevas<\/p>\n<p><a href=\"\"><\/a><\/p>\n<p>Alfonso Villalobos<br \/>\nAna Catalina Vargas<br \/>\nAna Maria Jurado<\/p>\n<p><a href=\"\"><\/a><\/p>\n<p>Adriana O\u00f1ate<br \/>\nEsteban Ricaurte<br \/>\nGabriela Betancourt<\/p>\n<p><a href=\"\"><\/a><\/p>\n<p>Erika Pineda<br \/>\nFlavia Miranda de Escobar<br \/>\nGloria Dada<\/p>\n<p><a href=\"\"><\/a><\/p>\n<p>Andrea Musso de Licht<br \/>\nEmilio Quinto<br \/>\nMaria del Pilar G. de Rodriguez<\/p>\n<p><a href=\"\"><\/a><\/p>\n<p>Carlos Gabriel Zepeda<br \/>\nPedronel Gonzales<br \/>\nEyleen Waleska Bonilla Henr\u00edquez<\/p>\n<p><a href=\"\"><\/a><\/p>\n<p>Andr\u00f3meda Valencia<br \/>\nJulio Antonio Hernandez<br \/>\nLu\u00eds Adri\u00e1n Garc\u00eda Guill\u00e9n<\/p>\n<p><a href=\"\"><\/a><\/p>\n<p>Erick Francisco Gonz\u00e1lez Palma<br \/>\nMar\u00eda Auxiliadora C.<br \/>\nS\u00e1chez<br \/>\nMar\u00eda Luisa Bonilla<\/p>\n<p><a href=\"\"><\/a><\/p>\n<p>Alma Rivera<br \/>\nRicardo Turner<br \/>\nYesica Pinz\u00f3n<\/p>\n<p><a href=\"\"><\/a><\/p>\n<p>Ezequiel Rosales<br \/>\nMaureen Montania<br \/>\nOlivia Gamarra<\/p>\n<p><a href=\"\"><\/a><\/p>\n<p>Nancy Valdez Huarcaya<br \/>\nNatalia Ferrero<br \/>\nValerie Hage Fernandez<\/p>\n<p><a href=\"\"><\/a><\/p>\n<p>Jennifer Morales Cruz<br \/>\nHiradith Men\u00e8ndez Santiago<br \/>\nNorka Polanko-Frontera<\/p>\n<p><a href=\"\"><\/a><\/p>\n<p>Federico Montero<br \/>\nIgnacio Navarrete<br \/>\nIn\u00eas Caputto<\/p>\n<p><a href=\"\"><\/a><\/p>\n<p>Conchita Sanches<br \/>\nFelicitas Kort<br \/>\nJesus Salas<\/p>\n<p><a href=\"\"><\/a><\/p>\n<p><a href=\"\"><\/a><\/p>\n","protected":false},"excerpt":{"rendered":"<p>REPRESENTATIVES HOME &nbsp; REPRESENTATIVES Meet the representatives of the member countries Andr\u00e9s Sanchez Adriana Berlingeri Alicia Facio Carmen Barr\u00f3n Ernesto Sard\u00e1n Vanessa Rodriguez Marcele Carvalho Reginete Cavalcante Wilson Melo Catalina Ferrer Crist\u00f3bal Hern\u00e1ndez Juan Ya\u00f1es Fredy Romero Leonidas Castro Maria Clara Cuevas Alfonso Villalobos Ana Catalina Vargas Ana Maria Jurado Adriana O\u00f1ate Esteban Ricaurte Gabriela [&hellip;]<\/p>\n","protected":false},"author":1,"featured_media":0,"parent":0,"menu_order":0,"comment_status":"closed","ping_status":"closed","template":"elementor_theme","meta":{"footnotes":""},"translation":{"provider":"WPGlobus","version":"2.8.11","language":"en","enabled_languages":["br","en","es"],"languages":{"br":{"title":true,"content":true,"excerpt":false},"en":{"title":true,"content":true,"excerpt":false},"es":{"title":true,"content":true,"excerpt":false}}},"yoast_head":"<!-- This site is optimized with the Yoast SEO plugin v18.5.1 - https:\/\/yoast.com\/wordpress\/plugins\/seo\/ -->\n<title>REPRESENTATIVES - LATIN AMERICAN FEDERATION OF COGNITIVE AND BEHAVIORAL PSYCHOTHERAPIES<\/title>\n<meta name=\"description\" content=\"Meet our representatives and member countries.\" \/>\n<meta name=\"robots\" content=\"index, follow, max-snippet:-1, max-image-preview:large, max-video-preview:-1\" \/>\n<link rel=\"canonical\" href=\"https:\/\/alapcco.com\/representantes-dos-paises\" \/>\n<meta property=\"og:locale\" content=\"en_US\" \/>\n<meta property=\"og:type\" content=\"article\" \/>\n<meta property=\"og:title\" content=\"REPRESENTATIVES - LATIN AMERICAN FEDERATION OF COGNITIVE AND BEHAVIORAL PSYCHOTHERAPIES\" \/>\n<meta property=\"og:description\" content=\"Meet our representatives and member countries.\" \/>\n<meta property=\"og:url\" content=\"https:\/\/alapcco.com\/representantes-dos-paises\" \/>\n<meta property=\"og:site_name\" content=\"LATIN AMERICAN FEDERATION OF COGNITIVE AND BEHAVIORAL PSYCHOTHERAPIES\" \/>\n<meta property=\"article:publisher\" content=\"https:\/\/www.facebook.com\/alapcco\/\" \/>\n<meta property=\"article:modified_time\" content=\"2022-12-08T17:07:34+00:00\" \/>\n<meta name=\"twitter:card\" content=\"summary_large_image\" \/>\n<meta name=\"twitter:site\" content=\"@alapcco\" \/>\n<meta name=\"twitter:label1\" content=\"Est. reading time\" \/>\n\t<meta name=\"twitter:data1\" content=\"1 minute\" \/>\n<script type=\"application\/ld+json\" class=\"yoast-schema-graph\">{\"@context\":\"https:\/\/schema.org\",\"@graph\":[{\"@type\":\"Organization\",\"@id\":\"https:\/\/alapcco.com\/#organization\",\"name\":\"ALAPCCO\",\"url\":\"https:\/\/alapcco.com\/\",\"sameAs\":[\"https:\/\/www.facebook.com\/alapcco\/\",\"https:\/\/www.instagram.com\/alapcco\/\",\"https:\/\/www.youtube.com\/channel\/UCfJL3qCIcj37d0T94XRxWdg\",\"https:\/\/twitter.com\/alapcco\"],\"logo\":{\"@type\":\"ImageObject\",\"@id\":\"https:\/\/alapcco.com\/#logo\",\"inLanguage\":\"en-US\",\"url\":\"https:\/\/alapcco.com\/wp-content\/uploads\/2021\/10\/logo-alapcco.png\",\"contentUrl\":\"https:\/\/alapcco.com\/wp-content\/uploads\/2021\/10\/logo-alapcco.png\",\"width\":1024,\"height\":246,\"caption\":\"ALAPCCO\"},\"image\":{\"@id\":\"https:\/\/alapcco.com\/#logo\"}},{\"@type\":\"WebSite\",\"@id\":\"https:\/\/alapcco.com\/#website\",\"url\":\"https:\/\/alapcco.com\/\",\"name\":\"LATIN AMERICAN FEDERATION OF COGNITIVE AND BEHAVIORAL PSYCHOTHERAPIES\",\"description\":\"LATIN AMERICAN FEDERATION OF COGNITIVE AND BEHAVIORAL PSYCHOTHERAPIES\",\"publisher\":{\"@id\":\"https:\/\/alapcco.com\/#organization\"},\"potentialAction\":[{\"@type\":\"SearchAction\",\"target\":{\"@type\":\"EntryPoint\",\"urlTemplate\":\"https:\/\/alapcco.com\/?s={search_term_string}\"},\"query-input\":\"required name=search_term_string\"}],\"inLanguage\":\"en-US\"},{\"@type\":\"WebPage\",\"@id\":\"https:\/\/alapcco.com\/representantes-dos-paises#webpage\",\"url\":\"https:\/\/alapcco.com\/representantes-dos-paises\",\"name\":\"REPRESENTATIVES - LATIN AMERICAN FEDERATION OF COGNITIVE AND BEHAVIORAL PSYCHOTHERAPIES\",\"isPartOf\":{\"@id\":\"https:\/\/alapcco.com\/#website\"},\"datePublished\":\"2022-02-22T13:53:45+00:00\",\"dateModified\":\"2022-12-08T17:07:34+00:00\",\"description\":\"Conozca a nuestros representantes y pa\u00edses miembros.\",\"breadcrumb\":{\"@id\":\"https:\/\/alapcco.com\/representantes-dos-paises#breadcrumb\"},\"inLanguage\":\"en-US\",\"potentialAction\":[{\"@type\":\"ReadAction\",\"target\":[\"https:\/\/alapcco.com\/representantes-dos-paises\"]}]},{\"@type\":\"BreadcrumbList\",\"@id\":\"https:\/\/alapcco.com\/representantes-dos-paises#breadcrumb\",\"itemListElement\":[{\"@type\":\"ListItem\",\"position\":1,\"name\":\"In\u00edcio\",\"item\":\"https:\/\/alapcco.com\/\"},{\"@type\":\"ListItem\",\"position\":2,\"name\":\"REPRESENTANTES\"}]}]}<\/script>\n<!-- \/ Yoast SEO plugin. -->","yoast_head_json":{"title":"REPRESENTATIVES - LATIN AMERICAN FEDERATION OF COGNITIVE AND BEHAVIORAL PSYCHOTHERAPIES","description":"Meet our representatives and member countries.","robots":{"index":"index","follow":"follow","max-snippet":"max-snippet:-1","max-image-preview":"max-image-preview:large","max-video-preview":"max-video-preview:-1"},"canonical":"https:\/\/alapcco.com\/representantes-dos-paises","og_locale":"en_US","og_type":"article","og_title":"REPRESENTATIVES - LATIN AMERICAN FEDERATION OF COGNITIVE AND BEHAVIORAL PSYCHOTHERAPIES","og_description":"Meet our representatives and member countries.","og_url":"https:\/\/alapcco.com\/representantes-dos-paises","og_site_name":"LATIN AMERICAN FEDERATION OF COGNITIVE AND BEHAVIORAL PSYCHOTHERAPIES","article_publisher":"https:\/\/www.facebook.com\/alapcco\/","article_modified_time":"2022-12-08T17:07:34+00:00","twitter_card":"summary_large_image","twitter_site":"@alapcco","twitter_misc":{"Est. reading time":"1 minute"},"schema":{"@context":"https:\/\/schema.org","@graph":[{"@type":"Organization","@id":"https:\/\/alapcco.com\/#organization","name":"ALAPCCO","url":"https:\/\/alapcco.com\/","sameAs":["https:\/\/www.facebook.com\/alapcco\/","https:\/\/www.instagram.com\/alapcco\/","https:\/\/www.youtube.com\/channel\/UCfJL3qCIcj37d0T94XRxWdg","https:\/\/twitter.com\/alapcco"],"logo":{"@type":"ImageObject","@id":"https:\/\/alapcco.com\/#logo","inLanguage":"en-US","url":"https:\/\/alapcco.com\/wp-content\/uploads\/2021\/10\/logo-alapcco.png","contentUrl":"https:\/\/alapcco.com\/wp-content\/uploads\/2021\/10\/logo-alapcco.png","width":1024,"height":246,"caption":"ALAPCCO"},"image":{"@id":"https:\/\/alapcco.com\/#logo"}},{"@type":"WebSite","@id":"https:\/\/alapcco.com\/#website","url":"https:\/\/alapcco.com\/","name":"LATIN AMERICAN FEDERATION OF COGNITIVE AND BEHAVIORAL PSYCHOTHERAPIES","description":"LATIN AMERICAN FEDERATION OF COGNITIVE AND BEHAVIORAL PSYCHOTHERAPIES","publisher":{"@id":"https:\/\/alapcco.com\/#organization"},"potentialAction":[{"@type":"SearchAction","target":{"@type":"EntryPoint","urlTemplate":"https:\/\/alapcco.com\/?s={search_term_string}"},"query-input":"required name=search_term_string"}],"inLanguage":"en-US"},{"@type":"WebPage","@id":"https:\/\/alapcco.com\/representantes-dos-paises#webpage","url":"https:\/\/alapcco.com\/representantes-dos-paises","name":"REPRESENTATIVES - LATIN AMERICAN FEDERATION OF COGNITIVE AND BEHAVIORAL PSYCHOTHERAPIES","isPartOf":{"@id":"https:\/\/alapcco.com\/#website"},"datePublished":"2022-02-22T13:53:45+00:00","dateModified":"2022-12-08T17:07:34+00:00","description":"Conozca a nuestros representantes y pa\u00edses miembros.","breadcrumb":{"@id":"https:\/\/alapcco.com\/representantes-dos-paises#breadcrumb"},"inLanguage":"en-US","potentialAction":[{"@type":"ReadAction","target":["https:\/\/alapcco.com\/representantes-dos-paises"]}]},{"@type":"BreadcrumbList","@id":"https:\/\/alapcco.com\/representantes-dos-paises#breadcrumb","itemListElement":[{"@type":"ListItem","position":1,"name":"In\u00edcio","item":"https:\/\/alapcco.com\/"},{"@type":"ListItem","position":2,"name":"REPRESENTANTES"}]}]}},"_links":{"self":[{"href":"https:\/\/alapcco.com\/en\/wp-json\/wp\/v2\/pages\/2061"}],"collection":[{"href":"https:\/\/alapcco.com\/en\/wp-json\/wp\/v2\/pages"}],"about":[{"href":"https:\/\/alapcco.com\/en\/wp-json\/wp\/v2\/types\/page"}],"author":[{"embeddable":true,"href":"https:\/\/alapcco.com\/en\/wp-json\/wp\/v2\/users\/1"}],"replies":[{"embeddable":true,"href":"https:\/\/alapcco.com\/en\/wp-json\/wp\/v2\/comments?post=2061"}],"version-history":[{"count":338,"href":"https:\/\/alapcco.com\/en\/wp-json\/wp\/v2\/pages\/2061\/revisions"}],"predecessor-version":[{"id":6230,"href":"https:\/\/alapcco.com\/en\/wp-json\/wp\/v2\/pages\/2061\/revisions\/6230"}],"wp:attachment":[{"href":"https:\/\/alapcco.com\/en\/wp-json\/wp\/v2\/media?parent=2061"}],"curies":[{"name":"wp","href":"https:\/\/api.w.org\/{rel}","templated":true}]}}